{"id":116,"date":"2024-06-16T04:27:37","date_gmt":"2024-06-16T02:27:37","guid":{"rendered":"https:\/\/www.kgh4.de\/?page_id=116"},"modified":"2025-07-17T22:15:02","modified_gmt":"2025-07-17T20:15:02","slug":"ueber-uns","status":"publish","type":"page","link":"https:\/\/www.kgh4.de\/?page_id=116","title":{"rendered":"\u00fcber uns"},"content":{"rendered":"<p>[et_pb_section fb_built=&#8220;1&#8243; admin_label=&#8220;Header&#8220; _builder_version=&#8220;4.22.0&#8243; _module_preset=&#8220;default&#8220; background_color=&#8220;gcid-a93f2103-1d8b-43bb-b21d-81d84bba8b15&#8243; collapsed=&#8220;on&#8220; global_colors_info=&#8220;{%22gcid-a93f2103-1d8b-43bb-b21d-81d84bba8b15%22:%91%22background_color%22%93}&#8220;][et_pb_row _builder_version=&#8220;4.24.0&#8243; _module_preset=&#8220;default&#8220; max_width=&#8220;1800px&#8220; global_colors_info=&#8220;{}&#8220;][et_pb_column type=&#8220;4_4&#8243; _builder_version=&#8220;4.22.0&#8243; _module_preset=&#8220;default&#8220; global_colors_info=&#8220;{}&#8220;][et_pb_text _builder_version=&#8220;4.25.2&#8243; _module_preset=&#8220;_initial&#8220; header_font=&#8220;Inter|700|||||||&#8220; header_font_size=&#8220;90px&#8220; header_line_height=&#8220;1.1em&#8220; text_orientation=&#8220;center&#8220; header_font_size_tablet=&#8220;40px&#8220; header_font_size_phone=&#8220;24px&#8220; header_font_size_last_edited=&#8220;on|desktop&#8220; global_colors_info=&#8220;{}&#8220;]<\/p>\n<h1>\u00fcber uns<\/h1>\n<p>[\/et_pb_text][\/et_pb_column][\/et_pb_row][et_pb_row column_structure=&#8220;1_2,1_2&#8243; _builder_version=&#8220;4.22.0&#8243; _module_preset=&#8220;default&#8220; max_width=&#8220;1800px&#8220; global_colors_info=&#8220;{}&#8220;][et_pb_column type=&#8220;1_2&#8243; _builder_version=&#8220;4.22.0&#8243; _module_preset=&#8220;default&#8220; global_colors_info=&#8220;{}&#8220;][et_pb_image src=&#8220;https:\/\/www.kgh4.de\/wp-content\/uploads\/2024\/06\/IMG_0954-scaled.jpeg&#8220; title_text=&#8220;IMG_0954&#8243; _builder_version=&#8220;4.25.2&#8243; _module_preset=&#8220;default&#8220; border_radii=&#8220;on|30px|30px|30px|30px&#8220; global_colors_info=&#8220;{}&#8220;][\/et_pb_image][\/et_pb_column][et_pb_column type=&#8220;1_2&#8243; _builder_version=&#8220;4.22.0&#8243; _module_preset=&#8220;default&#8220; global_colors_info=&#8220;{}&#8220;][et_pb_text _builder_version=&#8220;4.25.2&#8243; _module_preset=&#8220;_initial&#8220; text_font=&#8220;Roboto||||||||&#8220; text_font_size=&#8220;16px&#8220; text_line_height=&#8220;1.8em&#8220; link_font=&#8220;||||on||||&#8220; custom_padding=&#8220;||0px|||&#8220; text_font_size_tablet=&#8220;15px&#8220; text_font_size_phone=&#8220;14px&#8220; text_font_size_last_edited=&#8220;on|desktop&#8220; global_colors_info=&#8220;{}&#8220;]<\/p>\n<p>Genug ist genug. Gegr\u00fcndet im Herbst 2023, beobachten und begleiten wir die politischen und planungsrechtlichen Entscheidungen rund um den Industrie- und Gewerbestandort G\u00f6rzh\u00e4user Hof.<\/p>\n<p>[\/et_pb_text][et_pb_image src=&#8220;https:\/\/www.kgh4.de\/wp-content\/uploads\/2024\/06\/Michelbach_BI_Logo_02_2024_V2.gif&#8220; title_text=&#8220;Michelbach_BI_Logo_02_2024_V2&#8243; _builder_version=&#8220;4.25.2&#8243; _module_preset=&#8220;default&#8220; width=&#8220;50%&#8220; border_radii=&#8220;on|30px|30px|30px|30px&#8220; global_colors_info=&#8220;{}&#8220;][\/et_pb_image][\/et_pb_column][\/et_pb_row][\/et_pb_section][et_pb_section fb_built=&#8220;1&#8243; admin_label=&#8220;Mission&#8220; _builder_version=&#8220;4.22.0&#8243; _module_preset=&#8220;default&#8220; collapsed=&#8220;on&#8220; global_colors_info=&#8220;{}&#8220;][et_pb_row column_structure=&#8220;3_5,2_5&#8243; _builder_version=&#8220;4.24.0&#8243; _module_preset=&#8220;default&#8220; max_width=&#8220;1800px&#8220; global_colors_info=&#8220;{}&#8220;][et_pb_column type=&#8220;3_5&#8243; _builder_version=&#8220;4.24.0&#8243; _module_preset=&#8220;default&#8220; custom_padding=&#8220;|15%|||false|false&#8220; custom_padding_tablet=&#8220;|0%|||false|false&#8220; custom_padding_phone=&#8220;&#8220; custom_padding_last_edited=&#8220;on|tablet&#8220; global_colors_info=&#8220;{}&#8220;][et_pb_text _builder_version=&#8220;4.25.2&#8243; _module_preset=&#8220;_initial&#8220; header_2_font=&#8220;Inter|700|||||||&#8220; header_2_font_size=&#8220;52px&#8220; header_2_line_height=&#8220;1.2em&#8220; custom_margin=&#8220;||10px||false|false&#8220; header_2_font_size_tablet=&#8220;32px&#8220; header_2_font_size_phone=&#8220;20px&#8220; header_2_font_size_last_edited=&#8220;on|desktop&#8220; global_colors_info=&#8220;{}&#8220;]<\/p>\n<h2>Unsere Mission<\/h2>\n<p>[\/et_pb_text][et_pb_text _builder_version=&#8220;4.25.2&#8243; _module_preset=&#8220;_initial&#8220; text_font=&#8220;Roboto||||||||&#8220; text_font_size=&#8220;16px&#8220; text_line_height=&#8220;1.8em&#8220; link_font=&#8220;||||on||||&#8220; text_font_size_tablet=&#8220;15px&#8220; text_font_size_phone=&#8220;14px&#8220; text_font_size_last_edited=&#8220;on|desktop&#8220; global_colors_info=&#8220;{}&#8220;]<\/p>\n<p>Unsere Mission ist nicht trivial, aber notwendig.<\/p>\n<p>[\/et_pb_text][et_pb_button button_url=&#8220;https:\/\/www.kgh4.de\/wp-content\/uploads\/2024\/06\/Satzung_Buergerinitiative-Kein-Goerzhausen-IV-Stopp-den-Flaechenverbrauch_vom-30-Nov-2023_geaend_am_2-20324.pdf&#8220; url_new_window=&#8220;on&#8220; button_text=&#8220;unserer Satzung&#8220; _builder_version=&#8220;4.25.2&#8243; _module_preset=&#8220;_initial&#8220; custom_button=&#8220;on&#8220; button_text_size=&#8220;14px&#8220; button_text_color=&#8220;#D25215&#8243; button_bg_color=&#8220;#F4D197&#8243; button_border_color=&#8220;gcid-f1e65d51-fa2f-4bf0-b2c1-8eab7001e8fd&#8220; button_border_radius=&#8220;100px&#8220; button_font=&#8220;Inter|700|||||||&#8220; custom_padding=&#8220;16px|32px|16px|32px|true|true&#8220; global_colors_info=&#8220;{%22gcid-f1e65d51-fa2f-4bf0-b2c1-8eab7001e8fd%22:%91%22button_border_color%22%93}&#8220;][\/et_pb_button][et_pb_button button_url=&#8220;https:\/\/www.kgh4.de\/wp-content\/uploads\/2024\/06\/Beitrittserklaerung_BI-Kein-Goerzhausen-IV_blanko.jpg&#8220; url_new_window=&#8220;on&#8220; button_text=&#8220;Beitrittsformular&#8220; _builder_version=&#8220;4.25.2&#8243; _module_preset=&#8220;_initial&#8220; custom_button=&#8220;on&#8220; button_text_size=&#8220;14px&#8220; button_text_color=&#8220;#D25215&#8243; button_bg_color=&#8220;#F4D197&#8243; button_border_color=&#8220;gcid-f1e65d51-fa2f-4bf0-b2c1-8eab7001e8fd&#8220; button_border_radius=&#8220;100px&#8220; button_font=&#8220;Inter|700|||||||&#8220; custom_padding=&#8220;16px|32px|16px|32px|true|true&#8220; global_colors_info=&#8220;{%22gcid-f1e65d51-fa2f-4bf0-b2c1-8eab7001e8fd%22:%91%22button_border_color%22,%22button_text_color%22,%22button_border_color%22%93,%22gcid-4a4d5ba0-6fe9-4ee0-8717-0218a1cddf0c%22:%91%22button_bg_color%22%93}&#8220;][\/et_pb_button][et_pb_button button_url=&#8220;https:\/\/www.kgh4.de\/wp-content\/uploads\/2025\/07\/MV170625_Vorstandsbericht.pdf&#8220; url_new_window=&#8220;on&#8220; button_text=&#8220;T\u00e4tigkeitsbericht&#8220; _builder_version=&#8220;4.25.2&#8243; _module_preset=&#8220;_initial&#8220; custom_button=&#8220;on&#8220; button_text_size=&#8220;14px&#8220; button_text_color=&#8220;#D25215&#8243; button_bg_color=&#8220;#F4D197&#8243; button_border_color=&#8220;gcid-f1e65d51-fa2f-4bf0-b2c1-8eab7001e8fd&#8220; button_border_radius=&#8220;100px&#8220; button_font=&#8220;Inter|700|||||||&#8220; custom_padding=&#8220;16px|32px|16px|32px|true|true&#8220; hover_enabled=&#8220;0&#8243; global_colors_info=&#8220;{%22gcid-f1e65d51-fa2f-4bf0-b2c1-8eab7001e8fd%22:%91%22button_border_color%22,%22button_text_color%22,%22button_border_color%22%93,%22gcid-4a4d5ba0-6fe9-4ee0-8717-0218a1cddf0c%22:%91%22button_bg_color%22%93}&#8220; sticky_enabled=&#8220;0&#8243;][\/et_pb_button][\/et_pb_column][et_pb_column type=&#8220;2_5&#8243; _builder_version=&#8220;4.22.0&#8243; _module_preset=&#8220;default&#8220; global_colors_info=&#8220;{}&#8220;][et_pb_image src=&#8220;https:\/\/www.kgh4.de\/wp-content\/uploads\/2024\/06\/IMG_0958-scaled-e1718482896874.jpeg&#8220; title_text=&#8220;Kein_GH4&#8243; _builder_version=&#8220;4.25.2&#8243; _module_preset=&#8220;default&#8220; width=&#8220;85%&#8220; custom_margin=&#8220;||||false|false&#8220; border_radii=&#8220;on|30px|30px|30px|30px&#8220; locked=&#8220;off&#8220; global_colors_info=&#8220;{}&#8220;][\/et_pb_image][\/et_pb_column][\/et_pb_row][\/et_pb_section][et_pb_section fb_built=&#8220;1&#8243; admin_label=&#8220;Video&#8220; _builder_version=&#8220;4.22.0&#8243; _module_preset=&#8220;default&#8220; collapsed=&#8220;on&#8220; global_colors_info=&#8220;{}&#8220;][et_pb_row column_structure=&#8220;2_3,1_3&#8243; _builder_version=&#8220;4.22.0&#8243; _module_preset=&#8220;default&#8220; max_width=&#8220;1800px&#8220; locked=&#8220;off&#8220; global_colors_info=&#8220;{}&#8220;][et_pb_column type=&#8220;2_3&#8243; _builder_version=&#8220;4.22.0&#8243; _module_preset=&#8220;default&#8220; global_colors_info=&#8220;{}&#8220;][et_pb_text _builder_version=&#8220;4.22.0&#8243; _module_preset=&#8220;_initial&#8220; header_2_font=&#8220;Inter|700|||||||&#8220; header_2_font_size=&#8220;52px&#8220; header_2_line_height=&#8220;1.2em&#8220; header_2_font_size_tablet=&#8220;32px&#8220; header_2_font_size_phone=&#8220;20px&#8220; header_2_font_size_last_edited=&#8220;on|desktop&#8220; global_colors_info=&#8220;{}&#8220;]<\/p>\n<h2>Steuereinnahmen und Arbeitspl\u00e4tze &#8211; aber lohnt sich das eigentlich?<\/h2>\n<p>[\/et_pb_text][\/et_pb_column][et_pb_column type=&#8220;1_3&#8243; _builder_version=&#8220;4.22.0&#8243; _module_preset=&#8220;default&#8220; global_colors_info=&#8220;{}&#8220;][et_pb_text _builder_version=&#8220;4.25.2&#8243; _module_preset=&#8220;_initial&#8220; text_font=&#8220;Roboto||||||||&#8220; text_font_size=&#8220;16px&#8220; text_line_height=&#8220;1.8em&#8220; link_font=&#8220;||||on||||&#8220; text_font_size_tablet=&#8220;15px&#8220; text_font_size_phone=&#8220;14px&#8220; text_font_size_last_edited=&#8220;on|desktop&#8220; global_colors_info=&#8220;{}&#8220;]<\/p>\n<p><em>Dr. Thilo Sekol besch\u00e4ftigt sich seit \u00fcber zehn Jahren mit der Materie und versucht durch rationale Argumente und anhand von vielen Beispielen, sowie wissenschaftlichen Untersuchungen, die Diskussion zu versachlichen.<\/em><\/p>\n<p>&nbsp;<\/p>\n<p>[\/et_pb_text][\/et_pb_column][\/et_pb_row][et_pb_row _builder_version=&#8220;4.22.0&#8243; _module_preset=&#8220;default&#8220; max_width=&#8220;1800px&#8220; global_colors_info=&#8220;{}&#8220;][et_pb_column type=&#8220;4_4&#8243; _builder_version=&#8220;4.22.0&#8243; _module_preset=&#8220;default&#8220; global_colors_info=&#8220;{}&#8220;][et_pb_video src=&#8220;https:\/\/youtu.be\/o51aDXVEEn8?feature=shared&#8220; image_src=&#8220;https:\/\/www.kgh4.de\/wp-content\/uploads\/2024\/06\/IMG_0947-scaled.jpeg&#8220; _builder_version=&#8220;4.25.2&#8243; _module_preset=&#8220;default&#8220; border_radii=&#8220;on|30px|30px|30px|30px&#8220; global_colors_info=&#8220;{}&#8220;][\/et_pb_video][\/et_pb_column][\/et_pb_row][\/et_pb_section][et_pb_section fb_built=&#8220;1&#8243; specialty=&#8220;on&#8220; admin_label=&#8220;Footer&#8220; _builder_version=&#8220;4.25.2&#8243; _module_preset=&#8220;default&#8220; background_color=&#8220;gcid-a93f2103-1d8b-43bb-b21d-81d84bba8b15&#8243; inner_max_width=&#8220;1800px&#8220; overflow-x=&#8220;hidden&#8220; overflow-y=&#8220;hidden&#8220; custom_padding=&#8220;||0px|||&#8220; global_module=&#8220;90&#8243; saved_tabs=&#8220;all&#8220; global_colors_info=&#8220;{%22gcid-a93f2103-1d8b-43bb-b21d-81d84bba8b15%22:%91%22background_color%22%93}&#8220;][et_pb_column type=&#8220;3_4&#8243; specialty_columns=&#8220;3&#8243; _builder_version=&#8220;4.16&#8243; _module_preset=&#8220;default&#8220; custom_padding=&#8220;|||&#8220; global_colors_info=&#8220;{}&#8220; custom_padding__hover=&#8220;|||&#8220;][et_pb_row_inner _builder_version=&#8220;4.24.0&#8243; _module_preset=&#8220;default&#8220; custom_padding=&#8220;||20px||false|false&#8220; locked=&#8220;off&#8220; global_colors_info=&#8220;{}&#8220;][et_pb_column_inner saved_specialty_column_type=&#8220;3_4&#8243; _builder_version=&#8220;4.22.0&#8243; _module_preset=&#8220;default&#8220; global_colors_info=&#8220;{}&#8220;][et_pb_text _builder_version=&#8220;4.25.2&#8243; _module_preset=&#8220;e4d7e04d-5719-4441-9256-ef32e19d8562&#8243; global_colors_info=&#8220;{}&#8220;]<\/p>\n<h2>B\u00fcrgerinitiative<br \/>Kein G\u00f6rzhausen IV &#8211; stopp den Fl\u00e4chenverbrauch! \u00a0e. V.<\/h2>\n<p>[\/et_pb_text][\/et_pb_column_inner][\/et_pb_row_inner][et_pb_row_inner column_structure=&#8220;1_2,1_2&#8243; _builder_version=&#8220;4.22.0&#8243; _module_preset=&#8220;default&#8220; custom_padding=&#8220;0px|||||&#8220; locked=&#8220;off&#8220; global_colors_info=&#8220;{}&#8220;][et_pb_column_inner type=&#8220;1_2&#8243; saved_specialty_column_type=&#8220;3_4&#8243; _builder_version=&#8220;4.22.0&#8243; _module_preset=&#8220;default&#8220; global_colors_info=&#8220;{}&#8220;][et_pb_image src=&#8220;https:\/\/www.kgh4.de\/wp-content\/uploads\/2024\/06\/Bildschirmfoto-2024-06-23-um-22.09.58.png&#8220; title_text=&#8220;Bildschirmfoto 2024-06-23 um 22.09.58&#8243; _builder_version=&#8220;4.25.2&#8243; _module_preset=&#8220;default&#8220; global_colors_info=&#8220;{}&#8220;][\/et_pb_image][\/et_pb_column_inner][et_pb_column_inner type=&#8220;1_2&#8243; saved_specialty_column_type=&#8220;3_4&#8243; _builder_version=&#8220;4.22.0&#8243; _module_preset=&#8220;default&#8220; global_colors_info=&#8220;{}&#8220;][et_pb_text _builder_version=&#8220;4.25.2&#8243; _module_preset=&#8220;default&#8220; global_colors_info=&#8220;{}&#8220;]<\/p>\n<p><a href=\"https:\/\/www.kgh4.de\/?page_id=3\" target=\"_blank\" rel=\"noopener\">Datenschutzerkl\u00e4rung<\/a><\/p>\n<p>[\/et_pb_text][\/et_pb_column_inner][\/et_pb_row_inner][\/et_pb_column][et_pb_column type=&#8220;1_4&#8243; _builder_version=&#8220;4.16&#8243; _module_preset=&#8220;default&#8220; custom_padding=&#8220;|||&#8220; global_colors_info=&#8220;{}&#8220; custom_padding__hover=&#8220;|||&#8220;][et_pb_image src=&#8220;https:\/\/www.kgh4.de\/wp-content\/uploads\/2024\/06\/Michelbach_BI_Logo_02_2024_V2.gif&#8220; title_text=&#8220;Michelbach_BI_Logo_02_2024_V2&#8243; force_fullwidth=&#8220;on&#8220; _builder_version=&#8220;4.25.2&#8243; _module_preset=&#8220;default&#8220; border_radii=&#8220;on|26px|26px|26px|26px&#8220; locked=&#8220;off&#8220; global_colors_info=&#8220;{}&#8220;][\/et_pb_image][\/et_pb_column][\/et_pb_section]<\/p>\n","protected":false},"excerpt":{"rendered":"<p>\u00fcber unsGenug ist genug. Gegr\u00fcndet im Herbst 2023, beobachten und begleiten wir die politischen und planungsrechtlichen Entscheidungen rund um den Industrie- und Gewerbestandort G\u00f6rzh\u00e4user Hof.Unsere MissionUnsere Mission ist nicht trivial, aber notwendig.Steuereinnahmen und Arbeitspl\u00e4tze &#8211; aber lohnt sich das eigentlich?Dr. Thilo Sekol besch\u00e4ftigt sich seit \u00fcber zehn Jahren mit der Materie und versucht durch rationale [&hellip;]<\/p>\n","protected":false},"author":2,"featured_media":0,"parent":0,"menu_order":2,"comment_status":"closed","ping_status":"closed","template":"","meta":{"_et_pb_use_builder":"on","_et_pb_old_content":"","_et_gb_content_width":"","footnotes":""},"class_list":["post-116","page","type-page","status-publish","hentry"],"yoast_head":"<!-- This site is optimized with the Yoast SEO plugin v26.8 - https:\/\/yoast.com\/product\/yoast-seo-wordpress\/ -->\n<title>\u00fcber uns - Kein G\u00f6rzhausen IV<\/title>\n<meta name=\"robots\" content=\"index, follow, max-snippet:-1, max-image-preview:large, max-video-preview:-1\" \/>\n<link rel=\"canonical\" href=\"https:\/\/www.kgh4.de\/?page_id=116\" \/>\n<meta property=\"og:locale\" content=\"de_DE\" \/>\n<meta property=\"og:type\" content=\"article\" \/>\n<meta property=\"og:title\" content=\"\u00fcber uns - Kein G\u00f6rzhausen IV\" \/>\n<meta property=\"og:description\" content=\"\u00fcber unsGenug ist genug. Gegr\u00fcndet im Herbst 2023, beobachten und begleiten wir die politischen und planungsrechtlichen Entscheidungen rund um den Industrie- und Gewerbestandort G\u00f6rzh\u00e4user Hof.Unsere MissionUnsere Mission ist nicht trivial, aber notwendig.Steuereinnahmen und Arbeitspl\u00e4tze - aber lohnt sich das eigentlich?Dr. Thilo Sekol besch\u00e4ftigt sich seit \u00fcber zehn Jahren mit der Materie und versucht durch rationale [&hellip;]\" \/>\n<meta property=\"og:url\" content=\"https:\/\/www.kgh4.de\/?page_id=116\" \/>\n<meta property=\"og:site_name\" content=\"Kein G\u00f6rzhausen IV\" \/>\n<meta property=\"article:modified_time\" content=\"2025-07-17T20:15:02+00:00\" \/>\n<meta name=\"twitter:card\" content=\"summary_large_image\" \/>\n<script type=\"application\/ld+json\" class=\"yoast-schema-graph\">{\"@context\":\"https:\/\/schema.org\",\"@graph\":[{\"@type\":\"WebPage\",\"@id\":\"https:\/\/www.kgh4.de\/?page_id=116\",\"url\":\"https:\/\/www.kgh4.de\/?page_id=116\",\"name\":\"\u00fcber uns - Kein G\u00f6rzhausen IV\",\"isPartOf\":{\"@id\":\"https:\/\/www.kgh4.de\/#website\"},\"datePublished\":\"2024-06-16T02:27:37+00:00\",\"dateModified\":\"2025-07-17T20:15:02+00:00\",\"breadcrumb\":{\"@id\":\"https:\/\/www.kgh4.de\/?page_id=116#breadcrumb\"},\"inLanguage\":\"de\",\"potentialAction\":[{\"@type\":\"ReadAction\",\"target\":[\"https:\/\/www.kgh4.de\/?page_id=116\"]}]},{\"@type\":\"BreadcrumbList\",\"@id\":\"https:\/\/www.kgh4.de\/?page_id=116#breadcrumb\",\"itemListElement\":[{\"@type\":\"ListItem\",\"position\":1,\"name\":\"Startseite\",\"item\":\"https:\/\/www.kgh4.de\/\"},{\"@type\":\"ListItem\",\"position\":2,\"name\":\"\u00fcber uns\"}]},{\"@type\":\"WebSite\",\"@id\":\"https:\/\/www.kgh4.de\/#website\",\"url\":\"https:\/\/www.kgh4.de\/\",\"name\":\"Kein G\u00f6rzhausen IV\",\"description\":\"\",\"potentialAction\":[{\"@type\":\"SearchAction\",\"target\":{\"@type\":\"EntryPoint\",\"urlTemplate\":\"https:\/\/www.kgh4.de\/?s={search_term_string}\"},\"query-input\":{\"@type\":\"PropertyValueSpecification\",\"valueRequired\":true,\"valueName\":\"search_term_string\"}}],\"inLanguage\":\"de\"}]}<\/script>\n<!-- \/ Yoast SEO plugin. -->","yoast_head_json":{"title":"\u00fcber uns - Kein G\u00f6rzhausen IV","robots":{"index":"index","follow":"follow","max-snippet":"max-snippet:-1","max-image-preview":"max-image-preview:large","max-video-preview":"max-video-preview:-1"},"canonical":"https:\/\/www.kgh4.de\/?page_id=116","og_locale":"de_DE","og_type":"article","og_title":"\u00fcber uns - Kein G\u00f6rzhausen IV","og_description":"\u00fcber unsGenug ist genug. Gegr\u00fcndet im Herbst 2023, beobachten und begleiten wir die politischen und planungsrechtlichen Entscheidungen rund um den Industrie- und Gewerbestandort G\u00f6rzh\u00e4user Hof.Unsere MissionUnsere Mission ist nicht trivial, aber notwendig.Steuereinnahmen und Arbeitspl\u00e4tze - aber lohnt sich das eigentlich?Dr. Thilo Sekol besch\u00e4ftigt sich seit \u00fcber zehn Jahren mit der Materie und versucht durch rationale [&hellip;]","og_url":"https:\/\/www.kgh4.de\/?page_id=116","og_site_name":"Kein G\u00f6rzhausen IV","article_modified_time":"2025-07-17T20:15:02+00:00","twitter_card":"summary_large_image","schema":{"@context":"https:\/\/schema.org","@graph":[{"@type":"WebPage","@id":"https:\/\/www.kgh4.de\/?page_id=116","url":"https:\/\/www.kgh4.de\/?page_id=116","name":"\u00fcber uns - Kein G\u00f6rzhausen IV","isPartOf":{"@id":"https:\/\/www.kgh4.de\/#website"},"datePublished":"2024-06-16T02:27:37+00:00","dateModified":"2025-07-17T20:15:02+00:00","breadcrumb":{"@id":"https:\/\/www.kgh4.de\/?page_id=116#breadcrumb"},"inLanguage":"de","potentialAction":[{"@type":"ReadAction","target":["https:\/\/www.kgh4.de\/?page_id=116"]}]},{"@type":"BreadcrumbList","@id":"https:\/\/www.kgh4.de\/?page_id=116#breadcrumb","itemListElement":[{"@type":"ListItem","position":1,"name":"Startseite","item":"https:\/\/www.kgh4.de\/"},{"@type":"ListItem","position":2,"name":"\u00fcber uns"}]},{"@type":"WebSite","@id":"https:\/\/www.kgh4.de\/#website","url":"https:\/\/www.kgh4.de\/","name":"Kein G\u00f6rzhausen IV","description":"","potentialAction":[{"@type":"SearchAction","target":{"@type":"EntryPoint","urlTemplate":"https:\/\/www.kgh4.de\/?s={search_term_string}"},"query-input":{"@type":"PropertyValueSpecification","valueRequired":true,"valueName":"search_term_string"}}],"inLanguage":"de"}]}},"_links":{"self":[{"href":"https:\/\/www.kgh4.de\/index.php?rest_route=\/wp\/v2\/pages\/116","targetHints":{"allow":["GET"]}}],"collection":[{"href":"https:\/\/www.kgh4.de\/index.php?rest_route=\/wp\/v2\/pages"}],"about":[{"href":"https:\/\/www.kgh4.de\/index.php?rest_route=\/wp\/v2\/types\/page"}],"author":[{"embeddable":true,"href":"https:\/\/www.kgh4.de\/index.php?rest_route=\/wp\/v2\/users\/2"}],"replies":[{"embeddable":true,"href":"https:\/\/www.kgh4.de\/index.php?rest_route=%2Fwp%2Fv2%2Fcomments&post=116"}],"version-history":[{"count":15,"href":"https:\/\/www.kgh4.de\/index.php?rest_route=\/wp\/v2\/pages\/116\/revisions"}],"predecessor-version":[{"id":406,"href":"https:\/\/www.kgh4.de\/index.php?rest_route=\/wp\/v2\/pages\/116\/revisions\/406"}],"wp:attachment":[{"href":"https:\/\/www.kgh4.de\/index.php?rest_route=%2Fwp%2Fv2%2Fmedia&parent=116"}],"curies":[{"name":"wp","href":"https:\/\/api.w.org\/{rel}","templated":true}]}}